{"id":18,"date":"2025-01-17T18:10:57","date_gmt":"2025-01-17T18:10:57","guid":{"rendered":"https:\/\/cafeinastudio.com\/politica-de-cookies\/"},"modified":"2025-01-22T08:43:32","modified_gmt":"2025-01-22T08:43:32","slug":"politica-de-cookies","status":"publish","type":"page","link":"https:\/\/cafeinastudio.com\/es\/politica-de-cookies\/","title":{"rendered":"Pol\u00edtica de cookies"},"content":{"rendered":"<style>.elementor-18 .elementor-element.elementor-element-77f7efb5{--display:flex;--min-height:266px;--flex-direction:row;--container-widget-width:calc( ( 1 - var( --container-widget-flex-grow ) ) * 100% );--container-widget-height:100%;--container-widget-flex-grow:1;--container-widget-align-self:stretch;--flex-wrap-mobile:wrap;--align-items:stretch;--gap:10px 10px;--row-gap:10px;--column-gap:10px;--overlay-opacity:0.8;--padding-top:0em;--padding-bottom:0em;--padding-left:0em;--padding-right:0em;}.elementor-18 .elementor-element.elementor-element-77f7efb5:not(.elementor-motion-effects-element-type-background), .elementor-18 .elementor-element.elementor-element-77f7efb5 > .elementor-motion-effects-container > .elementor-motion-effects-layer{background-color:var( --e-global-color-6fe6394 );}.elementor-18 .elementor-element.elementor-element-77f7efb5::before, .elementor-18 .elementor-element.elementor-element-77f7efb5 > .elementor-background-video-container::before, .elementor-18 .elementor-element.elementor-element-77f7efb5 > .e-con-inner > .elementor-background-video-container::before, .elementor-18 .elementor-element.elementor-element-77f7efb5 > .elementor-background-slideshow::before, .elementor-18 .elementor-element.elementor-element-77f7efb5 > .e-con-inner > .elementor-background-slideshow::before, .elementor-18 .elementor-element.elementor-element-77f7efb5 > .elementor-motion-effects-container > .elementor-motion-effects-layer::before{--background-overlay:'';}.elementor-18 .elementor-element.elementor-element-5469f8b6{--display:flex;--flex-direction:row;--container-widget-width:calc( ( 1 - var( --container-widget-flex-grow ) ) * 100% );--container-widget-height:100%;--container-widget-flex-grow:1;--container-widget-align-self:stretch;--flex-wrap-mobile:wrap;--justify-content:space-between;--align-items:center;--flex-wrap:wrap;--padding-top:7em;--padding-bottom:7em;--padding-left:0em;--padding-right:0em;}.elementor-18 .elementor-element.elementor-element-6ddfafd1{text-align:start;width:100%;max-width:100%;}.elementor-18 .elementor-element.elementor-element-6ddfafd1 .elementor-heading-title{color:#FFFFFF;}.elementor-18 .elementor-element.elementor-element-686ca46b{--display:flex;--padding-top:4em;--padding-bottom:04em;--padding-left:2em;--padding-right:2em;}:root{--page-title-display:none;}@media(max-width:1024px){.elementor-18 .elementor-element.elementor-element-77f7efb5{--min-height:186px;--padding-top:0px;--padding-bottom:0px;--padding-left:30px;--padding-right:30px;}.elementor-18 .elementor-element.elementor-element-5469f8b6{--padding-top:5em;--padding-bottom:5em;--padding-left:0em;--padding-right:0em;}}@media(max-width:767px){.elementor-18 .elementor-element.elementor-element-77f7efb5{--min-height:138px;--justify-content:center;--margin-top:0em;--margin-bottom:0em;--margin-left:0em;--margin-right:0em;--padding-top:0em;--padding-bottom:0em;--padding-left:0em;--padding-right:0em;}.elementor-18 .elementor-element.elementor-element-5469f8b6{--flex-direction:column;--container-widget-width:100%;--container-widget-height:initial;--container-widget-flex-grow:0;--container-widget-align-self:initial;--flex-wrap-mobile:wrap;--justify-content:center;--padding-top:3em;--padding-bottom:3em;--padding-left:1em;--padding-right:1em;}.elementor-18 .elementor-element.elementor-element-6ddfafd1{text-align:center;}}<\/style>\t\t<div data-elementor-type=\"wp-page\" data-elementor-id=\"18\" class=\"elementor elementor-18\" data-elementor-post-type=\"page\">\n\t\t\t\t<div class=\"elementor-element elementor-element-77f7efb5 e-flex e-con-boxed e-con e-parent\" data-id=\"77f7efb5\" data-element_type=\"container\" data-e-type=\"container\" data-settings=\"{&quot;background_background&quot;:&quot;classic&quot;}\">\n\t\t\t\t\t<div class=\"e-con-inner\">\n\t\t<div class=\"elementor-element elementor-element-5469f8b6 e-con-full e-flex e-con e-child\" data-id=\"5469f8b6\" data-element_type=\"container\" data-e-type=\"container\">\n\t\t\t\t<div class=\"elementor-element elementor-element-6ddfafd1 elementor-widget__width-inherit elementor-widget elementor-widget-heading\" data-id=\"6ddfafd1\" data-element_type=\"widget\" data-e-type=\"widget\" data-widget_type=\"heading.default\">\n\t\t\t\t<div class=\"elementor-widget-container\">\n\t\t\t\t\t<h1 class=\"elementor-heading-title elementor-size-default\">Pol\u00edtica de cookies<\/h1>\t\t\t\t<\/div>\n\t\t\t\t<\/div>\n\t\t\t\t<\/div>\n\t\t\t\t\t<\/div>\n\t\t\t\t<\/div>\n\t\t<div class=\"elementor-element elementor-element-686ca46b e-flex e-con-boxed e-con e-parent\" data-id=\"686ca46b\" data-element_type=\"container\" data-e-type=\"container\">\n\t\t\t\t\t<div class=\"e-con-inner\">\n\t\t\t\t<div class=\"elementor-element elementor-element-27a65614 elementor-widget elementor-widget-text-editor\" data-id=\"27a65614\" data-element_type=\"widget\" data-e-type=\"widget\" data-widget_type=\"text-editor.default\">\n\t\t\t\t<div class=\"elementor-widget-container\">\n\t\t\t\t\t\t\t\t\t<h3 class=\"wp-block-heading\">Apartado 1<\/h3><p>Una <em>cookie<\/em> es un peque\u00f1o archivo de texto que se almacena en su navegador cuando visita casi cualquier p\u00e1gina web. Su utilidad es que la web sea capaz de recordar su visita cuando vuelva a navegar por esa p\u00e1gina. Las cookies suelen almacenar informaci\u00f3n de car\u00e1cter t\u00e9cnico, preferencias personales, personalizaci\u00f3n de contenidos, estad\u00edsticas de uso, links a redes sociales, acceso a cuentas de usuario, etc. El objetivo de la cookie es adaptar el contenido de la web a su perfil y necesidades; sin cookies, los servicios ofrecidos por cualquier p\u00e1gina se ver\u00edan notablemente afectados. Si desea consultar m\u00e1s informaci\u00f3n sobre qu\u00e9 son las cookies, qu\u00e9 almacenan, c\u00f3mo eliminarlas, desactivarlas, etc., le rogamos que acceda a este enlace. (apartado 2)<\/p><h3 class=\"wp-block-heading\">Cookies utilizadas en este sitio web<\/h3><p>Siguiendo las directrices de la Agencia Espa\u00f1ola de Protecci\u00f3n de Datos, detallamos el uso de cookies que realiza este sitio web para informarle con la m\u00e1xima exactitud posible.<\/p><h3 class=\"wp-block-heading\">Este sitio web utiliza las cookies propias:<\/h3><p>Cookies de sesi\u00f3n, para garantizar que los usuarios que escriben comentarios en tu blog sean humanos y no aplicaciones automatizadas. De esta forma se combate el spam.<\/p><h3 class=\"wp-block-heading\">Este sitio web utiliza las cookies de terceros siguientes:<\/h3><p>Google Analytics: Almacena cookies para poder elaborar estad\u00edsticas sobre el tr\u00e1fico y volumen de visitas de esta web. Al utilizar este sitio web est\u00e1 consintiendo el tratamiento de informaci\u00f3n sobre usted por parte de Google. Por tanto, el ejercicio de cualquier derecho en este sentido debe hacerlo comunic\u00e1ndose directamente con Google.<\/p><p>Redes sociales: Cada red social utiliza sus propias cookies para que pueda hacer clic en los botones del tipo Me gusta o Compartir.<\/p><ul><li>YouTube<\/li><li>Twitter<\/li><li>Facebook<\/li><\/ul><p>Asimismo, es posible que al visitar alguna p\u00e1gina web o al abrir alg\u00fan correo electr\u00f3nico donde se publique alg\u00fan anuncio o promoci\u00f3n sobre nuestros servicios o productos, se instale en el navegador alguna cookie que nos sirva para mostrar posteriormente publicidad relacionada con la b\u00fasqueda que haya realizado, desarrollar un control de nuestros anuncios en relaci\u00f3n, por ejemplo, con el n\u00famero de veces que son vistos, d\u00f3nde aparecen, a qu\u00e9 hora se ve.<\/p><h3 class=\"wp-block-heading\">Desactivaci\u00f3n o eliminaci\u00f3n de cookies<\/h3><p>En cualquier momento podr\u00e1 ejercitar su derecho de desactivaci\u00f3n o eliminaci\u00f3n de cookies de este sitio web. Estas acciones se realizan de forma diferente en funci\u00f3n del navegador que utilice. Aqu\u00ed le dejamos una gu\u00eda r\u00e1pida para los navegadores m\u00e1s populares. (apartado 3)<\/p><h3 class=\"wp-block-heading\">Notas adicionales<\/h3><p>Ni este sitio web ni sus representantes legales se hacen responsables ni del contenido ni de la veracidad de las pol\u00edticas de privacidad que puedan tener los terceros citados en esta pol\u00edtica de cookies.<\/p><p>Los navegadores web son las herramientas encargadas de almacenar las cookies y desde este sitio debe efectuar el derecho a eliminarlas o desactivarlas. Ni este sitio web ni sus representantes legales pueden garantizar la correcta o incorrecta manipulaci\u00f3n de las cookies por parte de los navegadores.<\/p><p>En algunos casos es necesario instalar cookies para que el navegador no olvide su decisi\u00f3n de no aceptarlas.<\/p><p>En el caso de las cookies de Google Analytics, esta empresa almacena las cookies en servidores ubicados en Estados Unidos y se compromete a no compartirlas con terceros, salvo en los casos en que sea necesario para el funcionamiento del sistema o cuando la ley lo obligue a tal efecto. Google Inc. es una compa\u00f1\u00eda que cumple con el <a href=\"https:\/\/www.privacyshield.gov\/list\" target=\"_blank\" rel=\"noreferrer noopener\">Escudo de la privacidad<\/a>, que garantiza que todos los datos transferidos ser\u00e1n tratados con un nivel de protecci\u00f3n acorde con la normativa europea. Puede consultar informaci\u00f3n detallada en <a href=\"https:\/\/www.privacyshield.gov\/welcome\" target=\"_blank\" rel=\"noreferrer noopener\">este enlace<\/a> (1). Si desea informaci\u00f3n sobre el uso que Google Analytics hace de las cookies le adjuntamos <a href=\"https:\/\/developers.google.com\/analytics\/devguides\/collection\/analyticsjs\/cookie-usage?hl=es&amp;csw=1\" target=\"_blank\" rel=\"noreferrer noopener\">este otro enlace<\/a> (2).<\/p><p>Para cualquier duda o consulta sobre esta pol\u00edtica de cookies, no dude en comunicarse con nosotros a trav\u00e9s de la secci\u00f3n de contacto.<\/p><h3 class=\"wp-block-heading\">Apartado 2<\/h3><p>M\u00e1s informaci\u00f3n sobre las cookies<\/p><h3 class=\"wp-block-heading\">\u00bfQu\u00e9 es una cookie?<\/h3><p>Una cookie es un archivo de texto inofensivo que se almacena en el navegador cuando visita casi cualquier p\u00e1gina web. La utilidad de las cookies es que la web sea capaz de recordar su visita cuando vuelva a navegar por esa p\u00e1gina. Aunque mucha gente no lo sabe, las cookies se utilizan desde hace 20 a\u00f1os, cuando aparecieron los primeros navegadores para la World Wide Web.<\/p><h3 class=\"wp-block-heading\">\u00bfQu\u00e9 NO ES una cookie?<\/h3><p>No es un virus, ni un troyano, ni un gusano, ni spam, ni spyware, ni abre ventanas emergentes.<\/p><h3 class=\"wp-block-heading\">\u00bfQu\u00e9 informaci\u00f3n almacena una cookie?<\/h3><p>Las cookies no suelen almacenar informaci\u00f3n sensible sobre usted, tales como tarjetas de cr\u00e9dito o datos bancarios, fotograf\u00edas, su DNI o informaci\u00f3n personal, etc. Los datos que guardan son de car\u00e1cter t\u00e9cnico, preferencias personales, personalizaci\u00f3n de contenidos, etc.<\/p><p>El servidor web no le asocia a usted como persona sino a su navegador web. De hecho, si usted navega habitualmente con Internet Explorer e intenta navegar por la misma web con Firefox o Chrome ver\u00e1 que la web no se da cuenta de que usted es la misma persona porque en realidad est\u00e1 asociando el navegador, no la persona.<\/p><h3 class=\"wp-block-heading\">\u00bfQu\u00e9 tipos de cookies existen?<\/h3><p><strong>Cookies t\u00e9cnicas<\/strong>: Son las m\u00e1s elementales y permiten, entre otras cosas, saber cu\u00e1ndo est\u00e1 navegando un humano o una aplicaci\u00f3n automatizada, cu\u00e1ndo navega un usuario an\u00f3nimo y un registrado, tareas b\u00e1sicas para el funcionamiento de cualquier web din\u00e1mica.<\/p><p><strong>Cookies de an\u00e1lisis<\/strong>: recoge informaci\u00f3n sobre el tipo de navegaci\u00f3n que est\u00e1 realizando, las secciones que m\u00e1s utiliza, productos consultados, franja horaria de uso, idioma, etc.<\/p><p><strong>Cookies publicitarias<\/strong>: Muestran publicidad en funci\u00f3n de su navegaci\u00f3n, su pa\u00eds de origen, idioma, etc.<\/p><h3 class=\"wp-block-heading\">\u00bfQu\u00e9 son las cookies propias y las de terceros?<\/h3><p>Las cookies propias son generadas por la p\u00e1gina que est\u00e1 visitando y las de terceros son las generadas por servicios o proveedores externos como Facebook, Twitter, Google, etc.<\/p><h3 class=\"wp-block-heading\">\u00bfQu\u00e9 ocurre si desactiva las cookies?<\/h3><p>Para entender el alcance que puede tener desactivar las cookies, le mostramos unos ejemplos:<\/p><p>No podr\u00e1 compartir contenidos de esta web en Facebook, Twitter o cualquier otra red social.<\/p><p>El sitio web no podr\u00e1 adaptar los contenidos a sus preferencias personales, como suele ocurrir en las tiendas online.<\/p><p>No podr\u00e1 acceder al \u00e1rea personal de esta web, como Mi cuenta, Mi perfil o Mis pedidos.<\/p><p>Tiendas online: Le ser\u00e1 imposible hacer compras online, tendr\u00e1n que ser telef\u00f3nicas o visitando la tienda f\u00edsica si las hay.<\/p><p>No ser\u00e1 posible personalizar sus preferencias geogr\u00e1ficas como franja horaria, divisa o idioma.<\/p><p>El sitio web no podr\u00e1 realizar an\u00e1lisis web sobre visitantes y tr\u00e1fico en la web, lo que dificultar\u00e1 que la web sea competitiva.<\/p><p>No podr\u00e1 escribir en el blog, ni subir fotos, ni publicar comentarios, ni valorar o puntuar contenidos. La web tampoco podr\u00e1 saber si es usted un humano o una aplicaci\u00f3n automatizada que publica spam.<\/p><p>No podr\u00e1 mostrarse publicidad sectorizada, lo que reducir\u00e1 los ingresos publicitarios de la web.<\/p><p>Todas las redes sociales utilizan cookies, si las desactiva no podr\u00e1 utilizar ninguna red social.<\/p><h3 class=\"wp-block-heading\">\u00bfSe pueden eliminar cookies?<\/h3><p>S\u00ed. No s\u00f3lo eliminar, tambi\u00e9n bloquear, de forma general o particular para un dominio espec\u00edfico.<\/p><p>Para eliminar las cookies de un sitio web es necesario ir a la configuraci\u00f3n del navegador y all\u00ed podr\u00e1 buscar las asociadas al dominio en cuesti\u00f3n y proceder a su eliminaci\u00f3n.<\/p><h3 class=\"wp-block-heading\">Apartado 3<\/h3><h3 class=\"wp-block-heading\">Configuraci\u00f3n de cookies para los navegadores m\u00e1s populares<\/h3><p>A continuaci\u00f3n le indicamos c\u00f3mo acceder a una cookie determinada del navegador <strong>Chrome<\/strong>.<br \/>Nota: estos pasos pueden variar en funci\u00f3n de la versi\u00f3n del navegador:<\/p><ul><li>Vaya a Configuraci\u00f3n o Preferencias mediante el men\u00fa Archivo o pulsando el icono de personalizaci\u00f3n que aparece arriba a la derecha.<\/li><li>Ver\u00e1 diferentes secciones, pulse la opci\u00f3n Mostrar opciones avanzadas.<\/li><li>Vaya a Privacidad, Configuraci\u00f3n de contenido.<\/li><li>Seleccione Todas las cookies y los datos de sitios.<\/li><\/ul><p>Aparecer\u00e1 un listado con todas las cookies ordenadas por dominio. Para que le sea m\u00e1s f\u00e1cil encontrar las cookies de un dominio determinado introduzca parcial o totalmente la direcci\u00f3n en el campo Buscar cookies.<\/p><p>Despu\u00e9s de realizar este filtro aparecer\u00e1n en pantalla una o varias l\u00edneas con las cookies de la web solicitada. Ahora s\u00f3lo tiene que seleccionarla y pulsar la X para proceder a su eliminaci\u00f3n.<\/p><p>Para acceder a la configuraci\u00f3n de cookies del navegador <strong>Firefox<\/strong> siga estos pasos (pueden variar en funci\u00f3n de la versi\u00f3n del navegador):<\/p><ul><li>Vaya a Opciones o Preferencias seg\u00fan su sistema operativo.<\/li><li>Haga clic en Privacidad.<\/li><li>En Historial elija Utilizar una configuraci\u00f3n personalizada para el historial.<\/li><li>Ahora ver\u00e1 la opci\u00f3n Aceptar cookies, puede activarla o desactivarla seg\u00fan sus preferencias.<\/li><\/ul><p>Para acceder a la configuraci\u00f3n de cookies del navegador <strong>Safari<\/strong> para OSX siga estos pasos (pueden variar en funci\u00f3n de la versi\u00f3n del navegador):<\/p><ul><li>Vaya a Preferencias, luego Privacidad.<\/li><li>En este sitio ver\u00e1 la opci\u00f3n Bloquear cookies para ajustar el tipo de bloqueo que desea realizar.<\/li><\/ul><p>Para acceder a la configuraci\u00f3n de cookies del navegador <strong>Safari para iOS<\/strong> siga estos pasos (pueden variar en funci\u00f3n de la versi\u00f3n del navegador):<\/p><ul><li>Vaya a Configuraci\u00f3n, luego Safari.<\/li><li>Vaya a Privacidad y Seguridad, ver\u00e1 la opci\u00f3n Bloquear cookies para ajustar el tipo de bloqueo que desea realizar.<\/li><\/ul><p>Para acceder a la configuraci\u00f3n de cookies del navegador para dispositivos <strong>Android<\/strong> siga estos pasos (pueden variar en funci\u00f3n de la versi\u00f3n del navegador):<\/p><ul><li>Ejecute el navegador y pulse la tecla Men\u00fa, luego Configuraci\u00f3n.<\/li><li>Vaya a Seguridad y Privacidad, ver\u00e1 la opci\u00f3n Aceptar cookies para activar o desactivar la casilla.<\/li><\/ul><p>Para acceder a la configuraci\u00f3n de cookies del navegador para dispositivos <strong>Windows Phone<\/strong> siga estos pasos (pueden variar en funci\u00f3n de la versi\u00f3n del navegador):<\/p><p>Abre el navegador, despu\u00e9s M\u00e1s, despu\u00e9s Configuraci\u00f3n<br \/>Ahora puede activar o desactivar la casilla Permitir cookies.<\/p>\t\t\t\t\t\t\t\t<\/div>\n\t\t\t\t<\/div>\n\t\t\t\t\t<\/div>\n\t\t\t\t<\/div>\n\t\t\t\t<\/div>","protected":false},"excerpt":{"rendered":"<p>Apartat 1 Una cookie \u00e9s un petit arxiu de text que s&#8217;emmagatzema al navegador quan visita gaireb\u00e9 qualsevol p\u00e0gina web. La seva utilitat \u00e9s que la web sigui capa\u00e7 de recordar la seva visita quan torni a navegar per aquesta p\u00e0gina. Les cookies solen emmagatzemar informaci\u00f3 de car\u00e0cter t\u00e8cnic, prefer\u00e8ncies personals, personalitzaci\u00f3 de continguts, estad\u00edstiques [&hellip;]<\/p>\n","protected":false},"author":1,"featured_media":0,"parent":0,"menu_order":0,"comment_status":"closed","ping_status":"closed","template":"","meta":{"footnotes":""},"class_list":["post-18","page","type-page","status-publish","hentry"],"yoast_head":"<!-- This site is optimized with the Yoast SEO plugin v27.0 - https:\/\/yoast.com\/product\/yoast-seo-wordpress\/ -->\n<title>Pol\u00edtica de cookies - Cafeina Studio<\/title>\n<meta name=\"robots\" content=\"index, follow, max-snippet:-1, max-image-preview:large, max-video-preview:-1\" \/>\n<link rel=\"canonical\" href=\"https:\/\/cafeinastudio.com\/es\/politica-de-cookies\/\" \/>\n<meta property=\"og:locale\" content=\"es_ES\" \/>\n<meta property=\"og:type\" content=\"article\" \/>\n<meta property=\"og:title\" content=\"Pol\u00edtica de cookies - Cafeina Studio\" \/>\n<meta property=\"og:description\" content=\"Apartat 1 Una cookie \u00e9s un petit arxiu de text que s&#8217;emmagatzema al navegador quan visita gaireb\u00e9 qualsevol p\u00e0gina web. La seva utilitat \u00e9s que la web sigui capa\u00e7 de recordar la seva visita quan torni a navegar per aquesta p\u00e0gina. Les cookies solen emmagatzemar informaci\u00f3 de car\u00e0cter t\u00e8cnic, prefer\u00e8ncies personals, personalitzaci\u00f3 de continguts, estad\u00edstiques [&hellip;]\" \/>\n<meta property=\"og:url\" content=\"https:\/\/cafeinastudio.com\/es\/politica-de-cookies\/\" \/>\n<meta property=\"og:site_name\" content=\"Cafeina Studio\" \/>\n<meta property=\"article:modified_time\" content=\"2025-01-22T08:43:32+00:00\" \/>\n<meta name=\"twitter:card\" content=\"summary_large_image\" \/>\n<meta name=\"twitter:label1\" content=\"Tiempo de lectura\" \/>\n\t<meta name=\"twitter:data1\" content=\"8 minutos\" \/>\n<script type=\"application\/ld+json\" class=\"yoast-schema-graph\">{\"@context\":\"https:\/\/schema.org\",\"@graph\":[{\"@type\":\"WebPage\",\"@id\":\"https:\/\/cafeinastudio.com\/politica-de-cookies\/\",\"url\":\"https:\/\/cafeinastudio.com\/politica-de-cookies\/\",\"name\":\"Pol\u00edtica de cookies - Cafeina Studio\",\"isPartOf\":{\"@id\":\"https:\/\/cafeinastudio.com\/#website\"},\"datePublished\":\"2025-01-17T18:10:57+00:00\",\"dateModified\":\"2025-01-22T08:43:32+00:00\",\"breadcrumb\":{\"@id\":\"https:\/\/cafeinastudio.com\/politica-de-cookies\/#breadcrumb\"},\"inLanguage\":\"es\",\"potentialAction\":[{\"@type\":\"ReadAction\",\"target\":[\"https:\/\/cafeinastudio.com\/politica-de-cookies\/\"]}]},{\"@type\":\"BreadcrumbList\",\"@id\":\"https:\/\/cafeinastudio.com\/politica-de-cookies\/#breadcrumb\",\"itemListElement\":[{\"@type\":\"ListItem\",\"position\":1,\"name\":\"Portada\",\"item\":\"https:\/\/cafeinastudio.com\/\"},{\"@type\":\"ListItem\",\"position\":2,\"name\":\"Pol\u00edtica de cookies\"}]},{\"@type\":\"WebSite\",\"@id\":\"https:\/\/cafeinastudio.com\/#website\",\"url\":\"https:\/\/cafeinastudio.com\/\",\"name\":\"Cafeina Studio\",\"description\":\"Fotografia i v\u00eddeo professional a Manresa\",\"publisher\":{\"@id\":\"https:\/\/cafeinastudio.com\/#organization\"},\"potentialAction\":[{\"@type\":\"SearchAction\",\"target\":{\"@type\":\"EntryPoint\",\"urlTemplate\":\"https:\/\/cafeinastudio.com\/?s={search_term_string}\"},\"query-input\":{\"@type\":\"PropertyValueSpecification\",\"valueRequired\":true,\"valueName\":\"search_term_string\"}}],\"inLanguage\":\"es\"},{\"@type\":\"Organization\",\"@id\":\"https:\/\/cafeinastudio.com\/#organization\",\"name\":\"Cafeina Studio\",\"url\":\"https:\/\/cafeinastudio.com\/\",\"logo\":{\"@type\":\"ImageObject\",\"inLanguage\":\"es\",\"@id\":\"https:\/\/cafeinastudio.com\/#\/schema\/logo\/image\/\",\"url\":\"https:\/\/cafeinastudio.com\/wp-content\/uploads\/2025\/01\/logo_transparent_v2.png\",\"contentUrl\":\"https:\/\/cafeinastudio.com\/wp-content\/uploads\/2025\/01\/logo_transparent_v2.png\",\"width\":1900,\"height\":172,\"caption\":\"Cafeina Studio\"},\"image\":{\"@id\":\"https:\/\/cafeinastudio.com\/#\/schema\/logo\/image\/\"}}]}<\/script>\n<!-- \/ Yoast SEO plugin. -->","yoast_head_json":{"title":"Pol\u00edtica de cookies - Cafeina Studio","robots":{"index":"index","follow":"follow","max-snippet":"max-snippet:-1","max-image-preview":"max-image-preview:large","max-video-preview":"max-video-preview:-1"},"canonical":"https:\/\/cafeinastudio.com\/es\/politica-de-cookies\/","og_locale":"es_ES","og_type":"article","og_title":"Pol\u00edtica de cookies - Cafeina Studio","og_description":"Apartat 1 Una cookie \u00e9s un petit arxiu de text que s&#8217;emmagatzema al navegador quan visita gaireb\u00e9 qualsevol p\u00e0gina web. La seva utilitat \u00e9s que la web sigui capa\u00e7 de recordar la seva visita quan torni a navegar per aquesta p\u00e0gina. Les cookies solen emmagatzemar informaci\u00f3 de car\u00e0cter t\u00e8cnic, prefer\u00e8ncies personals, personalitzaci\u00f3 de continguts, estad\u00edstiques [&hellip;]","og_url":"https:\/\/cafeinastudio.com\/es\/politica-de-cookies\/","og_site_name":"Cafeina Studio","article_modified_time":"2025-01-22T08:43:32+00:00","twitter_card":"summary_large_image","twitter_misc":{"Tiempo de lectura":"8 minutos"},"schema":{"@context":"https:\/\/schema.org","@graph":[{"@type":"WebPage","@id":"https:\/\/cafeinastudio.com\/politica-de-cookies\/","url":"https:\/\/cafeinastudio.com\/politica-de-cookies\/","name":"Pol\u00edtica de cookies - Cafeina Studio","isPartOf":{"@id":"https:\/\/cafeinastudio.com\/#website"},"datePublished":"2025-01-17T18:10:57+00:00","dateModified":"2025-01-22T08:43:32+00:00","breadcrumb":{"@id":"https:\/\/cafeinastudio.com\/politica-de-cookies\/#breadcrumb"},"inLanguage":"es","potentialAction":[{"@type":"ReadAction","target":["https:\/\/cafeinastudio.com\/politica-de-cookies\/"]}]},{"@type":"BreadcrumbList","@id":"https:\/\/cafeinastudio.com\/politica-de-cookies\/#breadcrumb","itemListElement":[{"@type":"ListItem","position":1,"name":"Portada","item":"https:\/\/cafeinastudio.com\/"},{"@type":"ListItem","position":2,"name":"Pol\u00edtica de cookies"}]},{"@type":"WebSite","@id":"https:\/\/cafeinastudio.com\/#website","url":"https:\/\/cafeinastudio.com\/","name":"Cafeina Studio","description":"Fotograf\u00eda y v\u00eddeo profesional en Manresa","publisher":{"@id":"https:\/\/cafeinastudio.com\/#organization"},"potentialAction":[{"@type":"SearchAction","target":{"@type":"EntryPoint","urlTemplate":"https:\/\/cafeinastudio.com\/?s={search_term_string}"},"query-input":{"@type":"PropertyValueSpecification","valueRequired":true,"valueName":"search_term_string"}}],"inLanguage":"es"},{"@type":"Organization","@id":"https:\/\/cafeinastudio.com\/#organization","name":"Cafeina Studio","url":"https:\/\/cafeinastudio.com\/","logo":{"@type":"ImageObject","inLanguage":"es","@id":"https:\/\/cafeinastudio.com\/#\/schema\/logo\/image\/","url":"https:\/\/cafeinastudio.com\/wp-content\/uploads\/2025\/01\/logo_transparent_v2.png","contentUrl":"https:\/\/cafeinastudio.com\/wp-content\/uploads\/2025\/01\/logo_transparent_v2.png","width":1900,"height":172,"caption":"Cafeina Studio"},"image":{"@id":"https:\/\/cafeinastudio.com\/#\/schema\/logo\/image\/"}}]}},"_links":{"self":[{"href":"https:\/\/cafeinastudio.com\/es\/wp-json\/wp\/v2\/pages\/18","targetHints":{"allow":["GET"]}}],"collection":[{"href":"https:\/\/cafeinastudio.com\/es\/wp-json\/wp\/v2\/pages"}],"about":[{"href":"https:\/\/cafeinastudio.com\/es\/wp-json\/wp\/v2\/types\/page"}],"author":[{"embeddable":true,"href":"https:\/\/cafeinastudio.com\/es\/wp-json\/wp\/v2\/users\/1"}],"replies":[{"embeddable":true,"href":"https:\/\/cafeinastudio.com\/es\/wp-json\/wp\/v2\/comments?post=18"}],"version-history":[{"count":10,"href":"https:\/\/cafeinastudio.com\/es\/wp-json\/wp\/v2\/pages\/18\/revisions"}],"predecessor-version":[{"id":970,"href":"https:\/\/cafeinastudio.com\/es\/wp-json\/wp\/v2\/pages\/18\/revisions\/970"}],"wp:attachment":[{"href":"https:\/\/cafeinastudio.com\/es\/wp-json\/wp\/v2\/media?parent=18"}],"curies":[{"name":"wp","href":"https:\/\/api.w.org\/{rel}","templated":true}]}}